
{"id":3539,"date":"2021-05-30T14:08:16","date_gmt":"2021-05-30T13:08:16","guid":{"rendered":"https:\/\/treesurgeon.wordifysites.com\/?page_id=2"},"modified":"2026-01-21T10:01:58","modified_gmt":"2026-01-21T09:01:58","slug":"home","status":"publish","type":"page","link":"https:\/\/malnaskertvendeghaz.hu\/en\/","title":{"rendered":"Home"},"content":{"rendered":"<section class=\"gb-container gb-container-fc3a6f7c\" style=\"background-image: url(https:\/\/malnaskertvendeghaz.hu\/wp-content\/uploads\/2024\/01\/10K_vendeghaz.jpg);\">\n<div class=\"gb-container gb-container-a27f440a\"><\/div>\n<\/section>\n\n<section class=\"gb-container gb-container-94c6ef1a\">\n<div class=\"gb-container gb-container-eafa3e9e\">\n<div class=\"gb-container gb-container-4b5fac27\">\n\n<p class=\"gb-headline gb-headline-6b1cfa00 gb-headline-text\">Csatlakoztunk a Felt\u00f6lt\u0151d\u00e9s kamp\u00e1nyhoz!<br><strong>Foglaljon febru\u00e1r 2. \u00e9s m\u00e1rcius 15. k\u00f6z\u00f6tt legal\u00e1bb egy vend\u00e9g\u00e9jszak\u00e1t, \u00e9s \u00e9lvezze kedvezm\u00e9nyes aj\u00e1nlatunkat, amely minimum 5% \u00e1rengedm\u00e9nyt biztos\u00edt a teljes sz\u00e1ll\u00e1sd\u00edjb\u00f3l.<\/strong><\/p>\n\n<\/div>\n<\/div>\n<div class=\"gb-shapes\"><div class=\"gb-shape gb-shape-1\"><svg xmlns=\"http:\/\/www.w3.org\/2000\/svg\" viewbox=\"0 0 1200 137.6\" preserveaspectratio=\"none\"><path d=\"M0 137.6h1200V21.9l-66.7 26.7c-66.7 26.7-200 80-333.3 66.7S533.3 21.9 400 4.2C266.7-13.9 133.3 31.1 66.7 53L0 75.3v62.3z\"\/><\/svg><\/div><\/div><\/section>\n\n<section class=\"gb-container gb-container-49b9586e\">\n<div class=\"gb-container gb-container-a2e9522c\"><\/div>\n\n<div class=\"gb-container gb-container-0e11192a\">\n\n<p class=\"gb-headline gb-headline-f3491a3e gb-headline-text\">about us<\/p>\n\n\n\n<h3 class=\"gb-headline gb-headline-5cf408ee gb-headline-text\">The guesthouse<\/h3>\n\n\n<div class=\"gb-container gb-container-daaa2e63\">\n<div class=\"gb-container gb-container-bda621fe\"><\/div>\n\n<div class=\"gb-container gb-container-4b0ac72b\"><\/div>\n<\/div>\n\n\n<p class=\"has-base-color has-text-color has-link-color wp-elements-9bf72a650f47bf7382c95d49b5c10a0e\">Our guest and apartmanhouses are located on the hill above the church of Saint Mary by the village of K\u00f3spallag, deep in the heart of the B\u00f6rzs\u00f6ny region. The houses offer a handsome view to K\u00f3spallag from the south, as well as to the South-B\u00f6rzs\u00f6ny mountains and Dobog\u00f3k\u0151. There is also an excellent panorama of the slopes of the mountains Vastag-hegy, Kopasz-hegy, S\u00f3-hegy, and Nagy-Sas-hegy.<\/p>\n\n\n\n<p class=\"has-base-color has-text-color has-link-color wp-elements-1862a37976ae5b6028f730d7cdc8178f\">Our guest and aparthouses have four-sunflower rating \u2013 the highest rating available to rural guesthouses. All eight double bedrooms have a separate bathroom, are fitted pinewood furniture \u2013 including wardrobes and a dressing table -, and reading lamps, as well as a television and Internet access. To ensure maximum comfort, all rooms are air-conditioned in the summer. The houses also provide spacious, enclosed parking lot (16 parking spaces available).<\/p>\n\n\n\n<p class=\"has-base-color has-text-color has-link-color wp-elements-ba9aefb94a7b56fd6548b408b8163786\">2015 janu\u00e1rban elk\u00e9sz\u00fclt a vend\u00e9gh\u00e1z k\u00f6zvetlen szomsz\u00e9ds\u00e1g\u00e1ban az \u00faj apartmanh\u00e1zunk is. A h\u00e1zon bel\u00fcl&nbsp; k\u00e9t apartman ker\u00fclt kialak\u00edt\u00e1sra, melyek k\u00fcl\u00f6n-k\u00fcl\u00f6n 2 szob\u00e1val, f\u00fcrd\u0151szob\u00e1val \u00e9s j\u00f3l felszerelt \u00e9tkez\u0151-konyh\u00e1val rendelkeznek.<br>Az \u00e9p\u00edt\u00e9s sor\u00e1n igyekezt\u00fcnk magasra tenni a l\u00e9cet, amellett, hogy a sz\u00e1ll\u00e1shely a lehet\u0151 legk\u00f6rnyezetbar\u00e1tabb, kialak\u00edt\u00e1s is megfelel a sok csillagos hazai sz\u00e1llodai sz\u00ednvonalnak.<\/p>\n\n<\/div>\n<\/section>\n\n<section class=\"gb-container gb-container-f914b566\">\n<div class=\"gb-container gb-container-d07e4266\">\n\n<figure class=\"gb-block-image gb-block-image-b3389bf5\"><img loading=\"lazy\" decoding=\"async\" width=\"300\" height=\"225\" class=\"gb-image gb-image-b3389bf5\" src=\"https:\/\/malnaskertvendeghaz.hu\/wp-content\/uploads\/2024\/01\/P8015431_resize-300x225.jpg\" alt=\"\" title=\"OLYMPUS DIGITAL CAMERA\" srcset=\"https:\/\/malnaskertvendeghaz.hu\/wp-content\/uploads\/2024\/01\/P8015431_resize-300x225.jpg 300w, https:\/\/malnaskertvendeghaz.hu\/wp-content\/uploads\/2024\/01\/P8015431_resize-1024x768.jpg 1024w, https:\/\/malnaskertvendeghaz.hu\/wp-content\/uploads\/2024\/01\/P8015431_resize-768x576.jpg 768w, https:\/\/malnaskertvendeghaz.hu\/wp-content\/uploads\/2024\/01\/P8015431_resize-1536x1152.jpg 1536w, https:\/\/malnaskertvendeghaz.hu\/wp-content\/uploads\/2024\/01\/P8015431_resize-16x12.jpg 16w, https:\/\/malnaskertvendeghaz.hu\/wp-content\/uploads\/2024\/01\/P8015431_resize.jpg 1824w\" sizes=\"auto, (max-width: 300px) 100vw, 300px\" \/><\/figure>\n\n<\/div>\n\n<div class=\"gb-container gb-container-1102ab7a\">\n\n<p>We operate our guesthouse in an environmentally responsible manner using a wide variety of renewable energy sources \u2013 hot water and additional heating, for instance, are provided through a solar thermal collector system.<\/p>\n\n\n\n<p>We hope that our guesthouse will cater to your every need, and that your stay will be relaxing and comfortable.<\/p>\n\n<\/div>\n<\/section>\n\n<section class=\"gb-container gb-container-57db856d\">\n\n<p>With the GuestHouse, we want to satisfy our former and future family guests who want to spend their rest time in a shared apartment with their children.<\/p>\n\n\n\n<h5 class=\"gb-headline gb-headline-124f43ed gb-headline-text\">Pets are not allowed in the accommodation area!<\/h5>\n\n<\/section>\n\n<section class=\"gb-container gb-container-21e3c652\">\n<div class=\"gb-container gb-container-11344779\">\n\n<h3 class=\"gb-headline gb-headline-39f4cce2 gb-headline-text\">Wrote about us<\/h3>\n\n\n\n<p class=\"gb-headline gb-headline-c6c5990e gb-headline-text\">from the reviews of our guests<\/p>\n\n\n<div class=\"gb-container gb-container-ec1a2ce6\">\n<div class=\"gb-container gb-container-238a634b\"><\/div>\n\n\n<div class=\"gb-headline gb-headline-bb38ec04\"><span class=\"gb-icon\"><svg xmlns=\"http:\/\/www.w3.org\/2000\/svg\" viewbox=\"0 0 48 48\"><g data-name=\"Layer 2\"><path fill=\"none\" d=\"M0 0h48v48H0z\" data-name=\"invisible box\"><\/path><path d=\"M45.7 36.9c-3.8-6.4-12.3-12.7-18.6-15.2a12.8 12.8 0 0 0-3.4-1c-1.7-.2-2.5-1.4-2.2-2.5s.8-1.4 1.9-1.3c3 .4 7.7 2.3 12.2 5.2l.9.6.3.2 1.2.8a1 1 0 0 0 1.6-.9c-.6-4.7-2.1-9.4-6.5-12.4S21.2 8 14 9.2a80.6 80.6 0 0 1-9.7 1.3H3a.9.9 0 0 0-.9 1.3l.4 1.2c3.1 9.4 7.4 22.3 17.8 25.4a17.4 17.4 0 0 0 4.5.6A19.5 19.5 0 0 0 38 33.7a29.4 29.4 0 0 1 4.3 5.3 1.9 1.9 0 0 0 1.7 1 2.2 2.2 0 0 0 1.3-.4 2.1 2.1 0 0 0 .4-2.7Z\" data-name=\"Q3 icons\"><\/path><\/g><\/svg><\/span><\/div>\n\n\n<div class=\"gb-container gb-container-89efe58b\"><\/div>\n<\/div>\n\n<div class=\"gb-grid-wrapper gb-grid-wrapper-03afaf84\">\n<div class=\"gb-grid-column gb-grid-column-50f98bfc\"><div class=\"gb-container gb-container-50f98bfc\">\n<div class=\"gb-container gb-container-0c002814\">\n\n<figure class=\"gb-block-image gb-block-image-c73d7c6e\"><img decoding=\"async\" class=\"gb-image gb-image-c73d7c6e photo-border is-style-rounded\" src=\"https:\/\/malnaskertvendeghaz.hu\/wp-content\/uploads\/2024\/01\/Marcell-Alboci.png\" alt=\"\" title=\"Marcell-Alboci\"\/><\/figure>\n\n<\/div>\n\n<div class=\"gb-container gb-container-755abcef\">\n\n<p class=\"gb-headline gb-headline-1dffe23b gb-headline-text\"><em>Marcell Alb\u00f3ci<\/em><\/p>\n\n\n\n<p class=\"gb-headline gb-headline-145882e7 gb-headline-text\">5\/5<\/p>\n\n\n\n<p class=\"gb-headline gb-headline-6c315a9d gb-headline-text\">A very cozy place, with clever distribution and underfloor heating. Ideal with children. I also recommend the light railway that takes you up to the Szent Orb\u00e1n Hotel, where you can have a great lunch, there is also a playground here.<\/p>\n\n<\/div>\n<\/div><\/div>\n\n<div class=\"gb-grid-column gb-grid-column-9f20d055\"><div class=\"gb-container gb-container-9f20d055\">\n<div class=\"gb-container gb-container-f1eb0221\">\n\n<figure class=\"gb-block-image gb-block-image-9c234201\"><img decoding=\"async\" class=\"gb-image gb-image-9c234201 photo-border is-style-rounded\" src=\"https:\/\/malnaskertvendeghaz.hu\/wp-content\/uploads\/2024\/01\/Ferenc-Vasenszky.png\" alt=\"\" title=\"Ferenc-Vasenszky\"\/><\/figure>\n\n<\/div>\n\n<div class=\"gb-container gb-container-d75ea2de\">\n\n<p class=\"gb-headline gb-headline-d5ec1b89 gb-headline-text\"><em>Ferenc Vasenszky<\/em><\/p>\n\n\n\n<p class=\"gb-headline gb-headline-161025b5 gb-headline-text\">5\/5<\/p>\n\n\n\n<p class=\"gb-headline gb-headline-4be7fbad gb-headline-text\">Search and find K\u00f3spallag in the heart of B\u00f6rzs\u00f6ny. The National Blue Trail passes through it. Excellent accommodation, good people and home-made milk, cheese, butter and many other game meats and other meats \ud83d\ude42\ud83d\ude42\ud83d\ude42<\/p>\n\n<\/div>\n<\/div><\/div>\n\n<div class=\"gb-grid-column gb-grid-column-2d3a064e\"><div class=\"gb-container gb-container-2d3a064e\">\n<div class=\"gb-container gb-container-6de768f4\">\n\n<figure class=\"gb-block-image gb-block-image-ad013736\"><img decoding=\"async\" class=\"gb-image gb-image-ad013736 photo-border is-style-rounded\" src=\"https:\/\/malnaskertvendeghaz.hu\/wp-content\/uploads\/2024\/01\/Bela-Cseh.png\" alt=\"\" title=\"Bela-Cseh\"\/><\/figure>\n\n<\/div>\n\n<div class=\"gb-container gb-container-48ce9f87\">\n\n<p class=\"gb-headline gb-headline-47b66b26 gb-headline-text\"><em>B\u00e9la Cseh<\/em><\/p>\n\n\n\n<p class=\"gb-headline gb-headline-0ff5f343 gb-headline-text\">5\/5<\/p>\n\n\n\n<p><strong>Szob\u00e1k<\/strong> 5,0 <strong>Szolg\u00e1ltat\u00e1s<\/strong> 5,0<br><strong>Helysz\u00edn<\/strong> 5,0<br><strong>A sz\u00e1lloda kiemelt jellemz\u0151i<\/strong> Nagyszer\u0171 kil\u00e1t\u00e1s \u00b7 Gyerekbar\u00e1t \u00b7 Kiv\u00e1l\u00f3 \u00e1r<br><strong>Biztons\u00e1g<\/strong> Nagyon nyugodt a k\u00f6rny\u00e9k \u00e9s a panzi\u00f3 vend\u00e9gein k\u00edv\u00fcl m\u00e1s nem j\u00e1r arra.<br><strong>J\u00e1rhat\u00f3s\u00e1g<\/strong> J\u00f3l kit\u00e1bl\u00e1zott \u00faton lehet oda jutni.<\/p>\n\n<\/div>\n<\/div><\/div>\n<\/div>\n<\/div>\n<div class=\"gb-shapes\"><div class=\"gb-shape gb-shape-1\"><svg xmlns=\"http:\/\/www.w3.org\/2000\/svg\" viewbox=\"0 0 1200 211.2\" preserveaspectratio=\"none\"><path d=\"M1200 188.4v22.8H0v-22.8C84.3 78.9 321.1 0 600 0s515.7 78.9 600 188.4z\"\/><\/svg><\/div><\/div><\/section>","protected":false},"excerpt":{"rendered":"<p>Csatlakoztunk a Felt\u00f6lt\u0151d\u00e9s kamp\u00e1nyhoz!Foglaljon febru\u00e1r 2. \u00e9s m\u00e1rcius 15. k\u00f6z\u00f6tt legal\u00e1bb egy vend\u00e9g\u00e9jszak\u00e1t, \u00e9s \u00e9lvezze kedvezm\u00e9nyes aj\u00e1nlatunkat, amely minimum 5% \u00e1rengedm\u00e9nyt biztos\u00edt a teljes sz\u00e1ll\u00e1sd\u00edjb\u00f3l. r\u00f3lunk A sz\u00e1ll\u00e1shely A vend\u00e9g- \u00e9s apartmanh\u00e1zunk a B\u00f6rzs\u00f6ny sz\u00edv\u00e9ben, K\u00f3spallag telep\u00fcl\u00e9s mellett, a Sz\u0171z M\u00e1ria templom feletti dombon tal\u00e1lhat\u00f3k. Az \u00e9p\u00fcletekb\u0151l sz\u00e9p kil\u00e1t\u00e1s ny\u00edlik d\u00e9len K\u00f3spallag telep\u00fcl\u00e9sre, valamint a &#8230; <a title=\"Home\" class=\"read-more\" href=\"https:\/\/malnaskertvendeghaz.hu\/en\/\" aria-label=\"Read more about Home\">Read more<\/a><\/p>","protected":false},"author":2,"featured_media":0,"parent":0,"menu_order":0,"comment_status":"closed","ping_status":"open","template":"","meta":{"footnotes":""},"class_list":["post-3539","page","type-page","status-publish"],"_links":{"self":[{"href":"https:\/\/malnaskertvendeghaz.hu\/en\/wp-json\/wp\/v2\/pages\/3539","targetHints":{"allow":["GET"]}}],"collection":[{"href":"https:\/\/malnaskertvendeghaz.hu\/en\/wp-json\/wp\/v2\/pages"}],"about":[{"href":"https:\/\/malnaskertvendeghaz.hu\/en\/wp-json\/wp\/v2\/types\/page"}],"author":[{"embeddable":true,"href":"https:\/\/malnaskertvendeghaz.hu\/en\/wp-json\/wp\/v2\/users\/2"}],"replies":[{"embeddable":true,"href":"https:\/\/malnaskertvendeghaz.hu\/en\/wp-json\/wp\/v2\/comments?post=3539"}],"version-history":[{"count":1,"href":"https:\/\/malnaskertvendeghaz.hu\/en\/wp-json\/wp\/v2\/pages\/3539\/revisions"}],"predecessor-version":[{"id":3765,"href":"https:\/\/malnaskertvendeghaz.hu\/en\/wp-json\/wp\/v2\/pages\/3539\/revisions\/3765"}],"wp:attachment":[{"href":"https:\/\/malnaskertvendeghaz.hu\/en\/wp-json\/wp\/v2\/media?parent=3539"}],"curies":[{"name":"wp","href":"https:\/\/api.w.org\/{rel}","templated":true}]}}